{"id":1532,"date":"2023-08-04T18:01:02","date_gmt":"2023-08-04T15:01:02","guid":{"rendered":"https:\/\/susivienijegerumui.lt\/?page_id=1532"},"modified":"2024-07-25T16:59:26","modified_gmt":"2024-07-25T13:59:26","slug":"parama","status":"publish","type":"page","link":"https:\/\/susivienijegerumui.lt\/en\/parama\/","title":{"rendered":"SUPPORT"},"content":{"rendered":"<p>[et_pb_section fb_built=&#8221;1&#8243; fullwidth=&#8221;on&#8221; admin_label=&#8221;Header Section&#8221; _builder_version=&#8221;4.22.1&#8243; background_color=&#8221;#000000&#8243; bottom_divider_style=&#8221;mountains2&#8243; bottom_divider_color=&#8221;#FFFFFF&#8221; bottom_divider_height=&#8221;28px&#8221; bottom_divider_repeat=&#8221;3x&#8221; bottom_divider_height_tablet=&#8221;32px&#8221; bottom_divider_height_phone=&#8221;17px&#8221; bottom_divider_height_last_edited=&#8221;on|phone&#8221; locked=&#8221;off&#8221; global_colors_info=&#8221;{}&#8221;][et_pb_fullwidth_header title=&#8221;PARAMA&#8221; button_one_text=&#8221;Dovanoti&#8221; button_one_url=&#8221;#needs&#8221; button_two_text=&#8221;Paaukokite&#8221; button_two_url=&#8221;https:\/\/donate.stripe.com\/eVaaGc6r0es6cFi288&#8243; content_max_width=&#8221;640px&#8221; _builder_version=&#8221;4.22.1&#8243; title_font=&#8221;|600||on|||||&#8221; title_font_size=&#8221;88px&#8221; title_letter_spacing=&#8221;3px&#8221; title_line_height=&#8221;1.5em&#8221; content_font=&#8221;Lora||||||||&#8221; content_font_size=&#8221;22px&#8221; content_line_height=&#8221;2em&#8221; subhead_font=&#8221;|700|||||||&#8221; subhead_font_size=&#8221;60px&#8221; subhead_line_height=&#8221;1.5em&#8221; background_enable_color=&#8221;off&#8221; use_background_color_gradient=&#8221;on&#8221; background_color_gradient_direction=&#8221;90deg&#8221; background_color_gradient_stops=&#8221;rgba(0,0,0,0.76) 11%|rgba(0,0,0,0) 100%&#8221; background_color_gradient_overlays_image=&#8221;on&#8221; background_image=&#8221;http:\/\/susivienijegerumui.lt\/wp-content\/uploads\/2023\/07\/ua_warrior.webp&#8221; button_two_font=&#8221;|300||on|||||&#8221; custom_margin=&#8221;|||&#8221; custom_padding=&#8221;88px||88px||true|&#8221; title_font_size_tablet=&#8221;60px&#8221; title_font_size_phone=&#8221;50px&#8221; title_font_size_last_edited=&#8221;on|phone&#8221; subhead_font_size_tablet=&#8221;&#8221; subhead_font_size_phone=&#8221;50px&#8221; subhead_font_size_last_edited=&#8221;on|phone&#8221; background_last_edited=&#8221;on|phone&#8221; background_image_phone=&#8221;http:\/\/susivienijegerumui.lt\/wp-content\/uploads\/2023\/09\/warrior_mobile.webp&#8221; background_enable_image_phone=&#8221;on&#8221; button_one_border_radius_hover=&#8221;100px&#8221; button_one_bg_color_hover=&#8221;#cc8d66&#8243; button_two_bg_color_hover=&#8221;#d29f68&#8243; global_colors_info=&#8221;{}&#8221;][\/et_pb_fullwidth_header][\/et_pb_section][et_pb_section fb_built=&#8221;1&#8243; _builder_version=&#8221;4.22.0&#8243; _module_preset=&#8221;default&#8221; custom_padding=&#8221;25px||0px||false|false&#8221; global_module=&#8221;2735&#8243; saved_tabs=&#8221;all&#8221; global_colors_info=&#8221;{}&#8221;][et_pb_row _builder_version=&#8221;4.22.0&#8243; _module_preset=&#8221;default&#8221; width=&#8221;100%&#8221; max_width=&#8221;2560px&#8221; custom_padding=&#8221;0px|25px|0px||true|false&#8221; global_colors_info=&#8221;{}&#8221;][et_pb_column type=&#8221;4_4&#8243; _builder_version=&#8221;4.22.0&#8243; _module_preset=&#8221;default&#8221; global_colors_info=&#8221;{}&#8221;][et_pb_image src=&#8221;http:\/\/susivienijegerumui.lt\/wp-content\/uploads\/2023\/08\/Stripe.png&#8221; title_text=&#8221;Stripe&#8221; disabled_on=&#8221;on|off|off&#8221; _builder_version=&#8221;4.22.0&#8243; _module_preset=&#8221;default&#8221; max_width=&#8221;75px&#8221; module_alignment=&#8221;right&#8221; sticky_position=&#8221;top&#8221; sticky_offset_top=&#8221;25px&#8221; global_colors_info=&#8221;{}&#8221;][\/et_pb_image][\/et_pb_column][\/et_pb_row][\/et_pb_section][et_pb_section fb_built=&#8221;1&#8243; custom_padding_last_edited=&#8221;on|phone&#8221; admin_label=&#8221;Section&#8221; _builder_version=&#8221;4.22.1&#8243; background_enable_color=&#8221;off&#8221; custom_padding=&#8221;60px|0px|120px|0px|false|false&#8221; custom_padding_tablet=&#8221;60px|0px|120px|0px|false|false&#8221; custom_padding_phone=&#8221;0px||0px||false|false&#8221; locked=&#8221;off&#8221; global_colors_info=&#8221;{}&#8221;][et_pb_row module_id=&#8221;help&#8221; _builder_version=&#8221;4.21.0&#8243; global_colors_info=&#8221;{}&#8221;][et_pb_column type=&#8221;4_4&#8243; _builder_version=&#8221;4.16&#8243; custom_padding=&#8221;|||&#8221; global_colors_info=&#8221;{}&#8221; custom_padding__hover=&#8221;|||&#8221;][et_pb_text module_id=&#8221;poreikiai&#8221; _builder_version=&#8221;4.21.0&#8243; header_font=&#8221;||||||||&#8221; header_2_font=&#8221;Oswald|700|||||||&#8221; header_2_font_size=&#8221;50px&#8221; header_2_line_height=&#8221;1.5em&#8221; header_5_font=&#8221;Oswald|||on|||||&#8221; header_5_text_color=&#8221;rgba(0,0,0,0.4)&#8221; header_5_font_size=&#8221;20px&#8221; header_5_letter_spacing=&#8221;3px&#8221; header_5_line_height=&#8221;1.7em&#8221; text_orientation=&#8221;center&#8221; max_width=&#8221;600px&#8221; module_alignment=&#8221;center&#8221; text_line_height_last_edited=&#8221;off|desktop&#8221; header_2_font_size_tablet=&#8221;&#8221; header_2_font_size_phone=&#8221;36px&#8221; header_2_font_size_last_edited=&#8221;on|desktop&#8221; global_colors_info=&#8221;{}&#8221;]<\/p>\n<h5>Poreikiai<\/h5>\n<h2>Renkama parama<\/h2>\n<p>[\/et_pb_text][\/et_pb_column][\/et_pb_row][et_pb_row column_structure=&#8221;1_3,1_3,1_3&#8243; use_custom_gutter=&#8221;on&#8221; admin_label=&#8221;Services Row&#8221; _builder_version=&#8221;4.27.0&#8243; global_colors_info=&#8221;{}&#8221;][et_pb_column type=&#8221;1_3&#8243; _builder_version=&#8221;4.16&#8243; custom_padding=&#8221;|||&#8221; global_colors_info=&#8221;{}&#8221; custom_padding__hover=&#8221;|||&#8221;][et_pb_blurb title=&#8221;MEDICINA&#8221; image=&#8221;http:\/\/susivienijegerumui.lt\/wp-content\/uploads\/2023\/07\/syringe_2968946.png&#8221; image_icon_width=&#8221;64px&#8221; admin_label=&#8221;Service&#8221; _builder_version=&#8221;4.27.0&#8243; header_font=&#8221;Oswald|||on|||||&#8221; header_text_align=&#8221;center&#8221; header_letter_spacing=&#8221;3px&#8221; header_line_height=&#8221;1.7em&#8221; body_text_align=&#8221;justify&#8221; body_font_size=&#8221;18px&#8221; body_line_height=&#8221;1.4em&#8221; text_orientation=&#8221;center&#8221; custom_margin=&#8221;||70px||false|false&#8221; custom_margin_tablet=&#8221;||70px||false|false&#8221; custom_margin_phone=&#8221;||70px||false|false&#8221; custom_margin_last_edited=&#8221;on|phone&#8221; animation_style=&#8221;fade&#8221; animation=&#8221;off&#8221; image_max_width=&#8221;64px&#8221; global_colors_info=&#8221;{}&#8221;]<\/p>\n<ul>\n<li>Seno (ir ne tik) tipo automobili\u0173 ir \u012fmoni\u0173 vaistin\u0117l\u0117s;<\/li>\n<li>Vaistai kariams \u2013 nuo per\u0161alimo, skausmo, apsinuodijimo, streso;<\/li>\n<li>Tvarsliava;<\/li>\n<li><\/li>\n<\/ul>\n<p>Kiekvienas savo namuose turime vaist\u0173, kuri\u0173 galiojimas eina \u012f pabaig\u0105 arba jie yra neseniai baig\u0119 galioti (iki pusme\u010dio nuo galiojimo pabaigos datos).<\/p>\n<p>Tokie vaistai irgi puikiai tinka.<\/p>\n<p>Taip pat ne visada tinka gydytojo i\u0161ra\u0161yti vaistai ir jie lieka gul\u0117ti nevartojami. Juos galite perduoti mums, o mes perduosime Ukrainos savanoriams, kurie juos perduos tolesniems gav\u0117jams.<\/p>\n<p>[\/et_pb_blurb][et_pb_blurb title=&#8221;INVENTORIUS&#8221; image=&#8221;http:\/\/susivienijegerumui.lt\/wp-content\/uploads\/2023\/07\/tent_9140321.png&#8221; image_icon_width=&#8221;64px&#8221; admin_label=&#8221;Service&#8221; _builder_version=&#8221;4.27.0&#8243; header_font=&#8221;Oswald|||on|||||&#8221; header_text_align=&#8221;center&#8221; header_letter_spacing=&#8221;3px&#8221; header_line_height=&#8221;1.7em&#8221; body_text_align=&#8221;justify&#8221; body_font_size=&#8221;18px&#8221; body_line_height=&#8221;1.4em&#8221; text_orientation=&#8221;center&#8221; custom_margin=&#8221;||70px||false|false&#8221; custom_margin_tablet=&#8221;||70px||false|false&#8221; custom_margin_phone=&#8221;||70px||false|false&#8221; custom_margin_last_edited=&#8221;on|phone&#8221; animation_style=&#8221;fade&#8221; animation=&#8221;off&#8221; image_max_width=&#8221;64px&#8221; global_colors_info=&#8221;{}&#8221;]<\/p>\n<ul>\n<li>Generatoriai;<\/li>\n<li>Atsarginiai maitinimo \u0161altiniai (<em>power bank<\/em>);<\/li>\n<li>Padangos (R15-R20);<\/li>\n<li>Rankiniai ir ant galvos dedami pro\u017eektoriai;<\/li>\n<li>Baterijos ir akumuliatoriai;<\/li>\n<li>Karin\u0117 ekipuot\u0117;<\/li>\n<li>Palapin\u0117s.<\/li>\n<\/ul>\n<p>\u00a0\u0160ie daiktai tinka tiek nauji, tiek d\u0117v\u0117ti. Svarbu, kad jie b\u016bt\u0173 \u0161var\u016bs ir tvarkingi.<\/p>\n<p>[\/et_pb_blurb][\/et_pb_column][et_pb_column type=&#8221;1_3&#8243; _builder_version=&#8221;4.16&#8243; custom_padding=&#8221;|||&#8221; global_colors_info=&#8221;{}&#8221; custom_padding__hover=&#8221;|||&#8221;][et_pb_blurb title=&#8221;APRANGA KARIAMS &#8221; image=&#8221;http:\/\/susivienijegerumui.lt\/wp-content\/uploads\/2023\/07\/uniform_6142191.png&#8221; image_icon_width=&#8221;64px&#8221; admin_label=&#8221;Service&#8221; _builder_version=&#8221;4.27.0&#8243; header_font=&#8221;Oswald|||on|||||&#8221; header_text_align=&#8221;center&#8221; header_letter_spacing=&#8221;3px&#8221; header_line_height=&#8221;1.7em&#8221; body_text_align=&#8221;justify&#8221; body_font_size=&#8221;18px&#8221; body_line_height=&#8221;1.4em&#8221; text_orientation=&#8221;center&#8221; custom_margin=&#8221;||70px||false|false&#8221; custom_margin_tablet=&#8221;||70px||false|false&#8221; custom_margin_phone=&#8221;||70px||false|false&#8221; custom_margin_last_edited=&#8221;on|phone&#8221; animation_style=&#8221;fade&#8221; animation=&#8221;off&#8221; image_max_width=&#8221;64px&#8221; global_colors_info=&#8221;{}&#8221;]<\/p>\n<ul>\n<li>Kari\u0161kos uniformos;<\/li>\n<li>Termo r\u016bbai;<\/li>\n<li>Apatinis trikota\u017eas;<\/li>\n<li>Plonos kojin\u0117s;<\/li>\n<li>Po\u0161almiai ir kiti smulk\u016bs aprangos priedai.<\/li>\n<\/ul>\n<p>\u00a0Kari\u0161kos uniformos tinka tiek naujos, tiek d\u0117v\u0117tos.<\/p>\n<p>\u00a0Plon\u0173 kojini\u0173 reikia nuolat ir daug. Tod\u0117l nesibaiminkite paaukodami ir kuklesn\u0117s kokyb\u0117s kojines. Spalvos taip pat neturi reik\u0161m\u0117s.<\/p>\n<p>[\/et_pb_blurb][et_pb_blurb title=&#8221;PA\u0160ARAS&#8221; image=&#8221;http:\/\/susivienijegerumui.lt\/wp-content\/uploads\/2023\/07\/pet-food_4889160.png&#8221; image_icon_width=&#8221;64px&#8221; admin_label=&#8221;Service&#8221; _builder_version=&#8221;4.27.0&#8243; header_font=&#8221;Oswald|||on|||||&#8221; header_text_align=&#8221;center&#8221; header_letter_spacing=&#8221;3px&#8221; header_line_height=&#8221;1.7em&#8221; body_text_align=&#8221;justify&#8221; body_font_size=&#8221;18px&#8221; body_line_height=&#8221;1.4em&#8221; text_orientation=&#8221;center&#8221; custom_margin=&#8221;||70px||false|false&#8221; custom_margin_tablet=&#8221;||70px||false|false&#8221; custom_margin_phone=&#8221;||70px||false|false&#8221; custom_margin_last_edited=&#8221;on|phone&#8221; animation_style=&#8221;fade&#8221; animation=&#8221;off&#8221; image_max_width=&#8221;64px&#8221; global_colors_info=&#8221;{}&#8221;]<\/p>\n<p>\u0160un\u0173 ir ka\u010di\u0173 pa\u0161aras, \u0117dalas (sausas ir konservuotas).<\/p>\n<p>Ukrainos pafront\u0117s ir fronto teritorijose yra daug beglobi\u0173 gyv\u016bn\u0173, kuriais r\u016bpinasi Ukrainos kariai, kurie neretu atveju priglaud\u017eia po kelias de\u0161imtis ka\u010di\u0173 ir \u0161un\u0173. Visus juos reikia pamaitinti ir jais pasir\u016bpinti. Kariams tai nelengva finansin\u0117 na\u0161ta. Tod\u0117l stengiam\u0117s jiems pad\u0117ti paremdami gyv\u016bnams skirtu maistu.<\/p>\n<p>\u00a0Gyv\u016bnams skirt\u0105 maist\u0105 taip pat perduodame Ukrainos pafront\u0117s gyv\u016bn\u0173 prieglaudoms. J\u0173 savanoriai labai da\u017enai rizikuoja savo gyvybe gelb\u0117dami gyv\u016bnus i\u0161 ap\u0161audom\u0173 ir u\u017eminuot\u0173 Ukrainos vietovi\u0173.<\/p>\n<p>\u00a0\u0160ioms prieglaudoms taip pat reikalingi \u0161unims skirti narvai ir ka\u010di\u0173 perve\u017eimui naudojami boksai.<\/p>\n<p>[\/et_pb_blurb][\/et_pb_column][et_pb_column type=&#8221;1_3&#8243; _builder_version=&#8221;4.16&#8243; custom_padding=&#8221;|||&#8221; global_colors_info=&#8221;{}&#8221; custom_padding__hover=&#8221;|||&#8221;][et_pb_blurb title=&#8221;PRIEMON\u0116S KARI\u0172 SLAUGAI IR HIGIENAI &#8221; image=&#8221;http:\/\/susivienijegerumui.lt\/wp-content\/uploads\/2023\/07\/toiletries_1612713.png&#8221; image_icon_width=&#8221;64px&#8221; admin_label=&#8221;Service&#8221; _builder_version=&#8221;4.27.0&#8243; header_font=&#8221;Oswald|||on|||||&#8221; header_text_align=&#8221;center&#8221; header_letter_spacing=&#8221;3px&#8221; header_line_height=&#8221;1.7em&#8221; body_text_align=&#8221;justify&#8221; body_font_size=&#8221;18px&#8221; body_line_height=&#8221;1.4em&#8221; text_orientation=&#8221;center&#8221; custom_margin=&#8221;||70px||false|false&#8221; custom_margin_tablet=&#8221;||70px||false|false&#8221; custom_margin_phone=&#8221;||70px||false|false&#8221; custom_margin_last_edited=&#8221;on|phone&#8221; animation_style=&#8221;fade&#8221; animation=&#8221;off&#8221; image_max_width=&#8221;64px&#8221; global_colors_info=&#8221;{}&#8221;]<\/p>\n<ul>\n<li>Medicinin\u0117s sauskeln\u0117s;<\/li>\n<li>Dr\u0117gnos servet\u0117l\u0117s;<\/li>\n<li>Asmenin\u0117s higienos priemon\u0117s;<\/li>\n<li>Skalbimo priemon\u0117s;<\/li>\n<li>Ne\u012fgali\u0173j\u0173 ve\u017eim\u0117liai.<\/li>\n<\/ul>\n<p>\u00a0Taip pat nuolat reikalingos priemon\u0117s nuo uod\u0173, erki\u0173 ir grau\u017eik\u0173. <\/p>\n<p>[\/et_pb_blurb][et_pb_blurb title=&#8221;TEKSTIL\u0116 KARIAMS&#8221; image=&#8221;http:\/\/susivienijegerumui.lt\/wp-content\/uploads\/2023\/07\/towel_5906368.png&#8221; image_icon_width=&#8221;64px&#8221; admin_label=&#8221;Service&#8221; _builder_version=&#8221;4.27.0&#8243; header_font=&#8221;Oswald|||on|||||&#8221; header_text_align=&#8221;center&#8221; header_letter_spacing=&#8221;3px&#8221; header_line_height=&#8221;1.7em&#8221; body_text_align=&#8221;justify&#8221; body_font_size=&#8221;18px&#8221; body_line_height=&#8221;1.4em&#8221; text_orientation=&#8221;center&#8221; custom_margin=&#8221;||70px||false|false&#8221; custom_margin_tablet=&#8221;||70px||false|false&#8221; custom_margin_phone=&#8221;||70px||false|false&#8221; custom_margin_last_edited=&#8221;on|phone&#8221; animation_style=&#8221;fade&#8221; animation=&#8221;off&#8221; image_max_width=&#8221;64px&#8221; global_colors_info=&#8221;{}&#8221;]<\/p>\n<ul>\n<li>Miegmai\u0161iai;<\/li>\n<li>\u0160ilti pledai;<\/li>\n<li>Rank\u0161luos\u010diai;<\/li>\n<li>Jogos kilim\u0117liai.<\/li>\n<\/ul>\n<p>\u00a0\u0160ie daiktai tinka tiek nauji, tiek d\u0117v\u0117ti. Svarbu, kad jie b\u016bt\u0173 \u0161var\u016bs ir tvarkingi. <\/p>\n<p>[\/et_pb_blurb][et_pb_blurb title=&#8221;MAISTAS&#8221; image=&#8221;http:\/\/susivienijegerumui.lt\/wp-content\/uploads\/2023\/07\/cereal_5705507.png&#8221; image_icon_width=&#8221;64px&#8221; admin_label=&#8221;Service&#8221; _builder_version=&#8221;4.27.0&#8243; header_font=&#8221;Oswald|||on|||||&#8221; header_text_align=&#8221;center&#8221; header_letter_spacing=&#8221;3px&#8221; header_line_height=&#8221;1.7em&#8221; body_text_align=&#8221;justify&#8221; body_font_size=&#8221;18px&#8221; body_line_height=&#8221;1.4em&#8221; text_orientation=&#8221;center&#8221; custom_margin=&#8221;||70px||false|false&#8221; custom_margin_tablet=&#8221;||70px||false|false&#8221; custom_margin_phone=&#8221;||70px||false|false&#8221; custom_margin_last_edited=&#8221;on|phone&#8221; animation_style=&#8221;fade&#8221; animation=&#8221;off&#8221; image_max_width=&#8221;64px&#8221; global_colors_info=&#8221;{}&#8221;]<\/p>\n<p>Ilgo galiojimo maisto produktai: konservai, kruopos, makaronai, kava, arbata, \u0161okoladas, rie\u0161utai, d\u017eiovinti vaisiai, medus, kondensuotas pienas ir kt. Visi mes \u017einome, kokia svarbi yra maisto \u012fvairov\u0117. Tod\u0117l stengiam\u0117s kariams perduoti kokybi\u0161k\u0173 ir skani\u0173 maisto produkt\u0173 ir g\u0117rim\u0173. Kariai ypa\u010d vertina kav\u0105 (tirpi\u0105 ir netirpi\u0105).\u00a0<\/p>\n<p>[\/et_pb_blurb][\/et_pb_column][\/et_pb_row][\/et_pb_section][et_pb_section fb_built=&#8221;1&#8243; inner_shadow=&#8221;on&#8221; _builder_version=&#8221;4.27.0&#8243; _module_preset=&#8221;default&#8221; global_colors_info=&#8221;{}&#8221;][et_pb_row use_custom_gutter=&#8221;on&#8221; gutter_width=&#8221;1&#8243; _builder_version=&#8221;4.22.0&#8243; _module_preset=&#8221;default&#8221; width=&#8221;100%&#8221; max_width=&#8221;2560px&#8221; global_colors_info=&#8221;{}&#8221;][et_pb_column type=&#8221;4_4&#8243; _builder_version=&#8221;4.22.0&#8243; _module_preset=&#8221;default&#8221; global_colors_info=&#8221;{}&#8221;][et_pb_gallery gallery_ids=&#8221;5875,5874,5870,5856,5873,613,608,1338,655,1318,657,612,5872,5871,5868,5867,5866,5865,5864,5863,5862,5861,5859,5858,5860,5869,5857&#8243; posts_number=&#8221;50&#8243; show_title_and_caption=&#8221;off&#8221; _builder_version=&#8221;4.27.0&#8243; _module_preset=&#8221;default&#8221; overflow-y=&#8221;hidden&#8221; border_radii_image=&#8221;on|6px|6px|6px|6px&#8221; border_width_all_image=&#8221;2px&#8221; border_color_all_image=&#8221;#FFFFFF&#8221; global_colors_info=&#8221;{}&#8221;][\/et_pb_gallery][\/et_pb_column][\/et_pb_row][\/et_pb_section][et_pb_section fb_built=&#8221;1&#8243; admin_label=&#8221;Learn Section&#8221; _builder_version=&#8221;4.21.0&#8243; background_enable_color=&#8221;off&#8221; use_background_color_gradient=&#8221;on&#8221; background_color_gradient_direction=&#8221;1deg&#8221; background_color_gradient_stops=&#8221;#f9f9f9 0%|rgba(233,244,232,0.62) 100%&#8221; custom_padding=&#8221;80px|0px|120px|0px|false|false&#8221; bottom_divider_flip=&#8221;horizontal&#8221; locked=&#8221;off&#8221; global_colors_info=&#8221;{}&#8221;][et_pb_row disabled_on=&#8221;off|off|off&#8221; _builder_version=&#8221;4.27.0&#8243; global_colors_info=&#8221;{}&#8221;][et_pb_column type=&#8221;4_4&#8243; _builder_version=&#8221;4.16&#8243; custom_padding=&#8221;|||&#8221; global_colors_info=&#8221;{}&#8221; custom_padding__hover=&#8221;|||&#8221;][et_pb_text module_id=&#8221;poreikiai&#8221; _builder_version=&#8221;4.22.0&#8243; header_font=&#8221;||||||||&#8221; header_2_font=&#8221;Oswald|700|||||||&#8221; header_2_font_size=&#8221;50px&#8221; header_2_line_height=&#8221;1.5em&#8221; header_5_font=&#8221;Oswald|||on|||||&#8221; header_5_text_color=&#8221;rgba(0,0,0,0.4)&#8221; header_5_font_size=&#8221;20px&#8221; header_5_letter_spacing=&#8221;3px&#8221; header_5_line_height=&#8221;1.7em&#8221; text_orientation=&#8221;center&#8221; max_width=&#8221;600px&#8221; module_alignment=&#8221;center&#8221; text_line_height_last_edited=&#8221;off|desktop&#8221; header_2_font_size_tablet=&#8221;&#8221; header_2_font_size_phone=&#8221;36px&#8221; header_2_font_size_last_edited=&#8221;on|desktop&#8221; global_colors_info=&#8221;{}&#8221;]<\/p>\n<h5>DUK<\/h5>\n<h2>Da\u017enai u\u017eduodami klausimai<\/h2>\n<p>[\/et_pb_text][\/et_pb_column][\/et_pb_row][et_pb_row column_structure=&#8221;1_2,1_2&#8243; _builder_version=&#8221;4.27.0&#8243; global_colors_info=&#8221;{}&#8221;][et_pb_column type=&#8221;1_2&#8243; _builder_version=&#8221;4.16&#8243; custom_padding=&#8221;|||&#8221; global_colors_info=&#8221;{}&#8221; custom_padding__hover=&#8221;|||&#8221;][et_pb_text disabled_on=&#8221;off|off|off&#8221; _builder_version=&#8221;4.27.0&#8243; text_font=&#8221;||||||||&#8221; text_text_color=&#8221;#5E6459&#8243; text_font_size=&#8221;18px&#8221; text_line_height=&#8221;2em&#8221; link_font=&#8221;||||||||&#8221; ul_font=&#8221;||||||||&#8221; ol_font=&#8221;||||||||&#8221; quote_font=&#8221;||||||||&#8221; header_font=&#8221;||||||||&#8221; header_text_color=&#8221;#31352E&#8221; header_2_font=&#8221;||||||||&#8221; header_3_font=&#8221;Oswald|||on|||||&#8221; header_3_text_color=&#8221;#31352E&#8221; header_3_font_size=&#8221;20px&#8221; header_3_letter_spacing=&#8221;3px&#8221; header_3_line_height=&#8221;1.5em&#8221; header_4_font=&#8221;||||||||&#8221; background_layout=&#8221;dark&#8221; max_width=&#8221;600px&#8221; global_colors_info=&#8221;{}&#8221;]<\/p>\n<p><strong>KAIP PERDUOTI AUKOJAMUS DAIKTUS?<\/strong><\/p>\n<p>Kaune, Kauno rajone, Jonavoje, Vilniuje, Ukmerg\u0117je, Kelm\u0117je, Priekul\u0117je, Klaip\u0117doje, Garg\u017eduose, Ma\u017eeikiuose, \u0160iauliuose, Marijampol\u0117je param\u0105 fondo savanoriai i\u0161 j\u016bs\u0173 paims patys.<\/p>\n<p>[\/et_pb_text][\/et_pb_column][et_pb_column type=&#8221;1_2&#8243; _builder_version=&#8221;4.16&#8243; custom_padding=&#8221;|||&#8221; global_colors_info=&#8221;{}&#8221; custom_padding__hover=&#8221;|||&#8221;][et_pb_text disabled_on=&#8221;off|off|off&#8221; _builder_version=&#8221;4.27.0&#8243; text_font=&#8221;||||||||&#8221; text_text_color=&#8221;#5E6459&#8243; text_font_size=&#8221;18px&#8221; text_line_height=&#8221;2em&#8221; link_font=&#8221;||||||||&#8221; ul_font=&#8221;||||||||&#8221; ol_font=&#8221;||||||||&#8221; quote_font=&#8221;||||||||&#8221; header_font=&#8221;||||||||&#8221; header_text_color=&#8221;#31352E&#8221; header_2_font=&#8221;||||||||&#8221; header_3_font=&#8221;Oswald|||on|||||&#8221; header_3_text_color=&#8221;#31352E&#8221; header_3_font_size=&#8221;20px&#8221; header_3_letter_spacing=&#8221;3px&#8221; header_3_line_height=&#8221;1.5em&#8221; header_4_font=&#8221;||||||||&#8221; background_layout=&#8221;dark&#8221; max_width=&#8221;600px&#8221; text_line_height_last_edited=&#8221;off|desktop&#8221; global_colors_info=&#8221;{}&#8221;]<\/p>\n<h3>Kaip galima atsi\u0173sti daiktus i\u0161 kito miesto?<\/h3>\n<p>Param\u0105 galite atsi\u0173sti pa\u0161tomatu, per kurjeri\u0173 tarnyb\u0105:<br \/><strong>\u201eLP Express&#8221;<\/strong>: A. Merkio g. 1, Lap\u0117s, Kauno raj., Agn\u0117 Jociuvien\u0117 +370 639 02660<\/p>\n<p>\u201e<strong>Omniva<\/strong>\u201d: Kauno Domeikavos RIMI pa\u0161tomatas, Vand\u017eiogalos pl. 112, Agn\u0117 Jociuvien\u0117 +370\u00a0639 02660<\/p>\n<p>\u201e<strong>DPD<\/strong>\u201c: Domeikava Rimi DPD pa\u0161tomatas, Vand\u017eiogalos pl. 112, Agn\u0117 Jociuvien\u0117 +370\u00a0639 02660<\/p>\n<p>Param\u0105 taip pat galima atsi\u0173sti autobusais, naudojantis autobus\u0173 stotyse teikiama paslauga \u201esiuntos autobusais\u201c.<\/p>\n<p>&nbsp;<\/p>\n<p>[\/et_pb_text][\/et_pb_column][\/et_pb_row][\/et_pb_section]<\/p>\n","protected":false},"excerpt":{"rendered":"<p>Poreikiai Renkama parama Seno (ir ne tik) tipo automobili\u0173 ir \u012fmoni\u0173 vaistin\u0117l\u0117s; Vaistai kariams \u2013 nuo per\u0161alimo, skausmo, apsinuodijimo, streso; Tvarsliava; Kiekvienas savo namuose turime vaist\u0173, kuri\u0173 galiojimas eina \u012f pabaig\u0105 arba jie yra neseniai baig\u0119 galioti (iki pusme\u010dio nuo galiojimo pabaigos datos). Tokie vaistai irgi puikiai tinka. Taip pat ne visada tinka gydytojo i\u0161ra\u0161yti [&hellip;]<\/p>\n","protected":false},"author":2,"featured_media":2753,"parent":0,"menu_order":0,"comment_status":"closed","ping_status":"closed","template":"","meta":{"_et_pb_use_builder":"on","_et_pb_old_content":"","_et_gb_content_width":"","footnotes":""},"class_list":["post-1532","page","type-page","status-publish","has-post-thumbnail","hentry"],"_links":{"self":[{"href":"https:\/\/susivienijegerumui.lt\/en\/wp-json\/wp\/v2\/pages\/1532","targetHints":{"allow":["GET"]}}],"collection":[{"href":"https:\/\/susivienijegerumui.lt\/en\/wp-json\/wp\/v2\/pages"}],"about":[{"href":"https:\/\/susivienijegerumui.lt\/en\/wp-json\/wp\/v2\/types\/page"}],"author":[{"embeddable":true,"href":"https:\/\/susivienijegerumui.lt\/en\/wp-json\/wp\/v2\/users\/2"}],"replies":[{"embeddable":true,"href":"https:\/\/susivienijegerumui.lt\/en\/wp-json\/wp\/v2\/comments?post=1532"}],"version-history":[{"count":44,"href":"https:\/\/susivienijegerumui.lt\/en\/wp-json\/wp\/v2\/pages\/1532\/revisions"}],"predecessor-version":[{"id":5976,"href":"https:\/\/susivienijegerumui.lt\/en\/wp-json\/wp\/v2\/pages\/1532\/revisions\/5976"}],"wp:featuredmedia":[{"embeddable":true,"href":"https:\/\/susivienijegerumui.lt\/en\/wp-json\/wp\/v2\/media\/2753"}],"wp:attachment":[{"href":"https:\/\/susivienijegerumui.lt\/en\/wp-json\/wp\/v2\/media?parent=1532"}],"curies":[{"name":"wp","href":"https:\/\/api.w.org\/{rel}","templated":true}]}}