{"id":1025,"date":"2023-08-02T20:18:11","date_gmt":"2023-08-02T17:18:11","guid":{"rendered":"https:\/\/susivienijegerumui.lt\/?page_id=1025"},"modified":"2024-07-20T19:07:48","modified_gmt":"2024-07-20T16:07:48","slug":"kontaktai","status":"publish","type":"page","link":"https:\/\/susivienijegerumui.lt\/en\/kontaktai\/","title":{"rendered":"CONTACTS"},"content":{"rendered":"<p>[et_pb_section fb_built=&#8221;1&#8243; _builder_version=&#8221;4.21.2&#8243; _module_preset=&#8221;default&#8221; use_background_color_gradient=&#8221;on&#8221; background_color_gradient_direction=&#8221;1deg&#8221; background_color_gradient_stops=&#8221;#f9f9f9 0%|rgba(233,244,232,0.62) 100%&#8221; locked=&#8221;off&#8221; global_colors_info=&#8221;{}&#8221;][et_pb_row _builder_version=&#8221;4.21.2&#8243; _module_preset=&#8221;default&#8221; global_colors_info=&#8221;{}&#8221;][et_pb_column type=&#8221;4_4&#8243; _builder_version=&#8221;4.21.2&#8243; _module_preset=&#8221;default&#8221; global_colors_info=&#8221;{}&#8221;][dsm_gradient_text gradient_text=&#8221;KONTAKTAI&#8221; _builder_version=&#8221;4.21.2&#8243; _module_preset=&#8221;default&#8221; header_font=&#8221;|700|||||||&#8221; header_font_size=&#8221;60px&#8221; background_color_gradient_stops=&#8221;#3181f9 0%|rgba(66, 140, 227, 1) 15%|rgba(207, 232, 35, 1) 85%|#e9f900 100%&#8221; text_orientation=&#8221;left&#8221; header_font_size_tablet=&#8221;48px&#8221; header_font_size_phone=&#8221;36px&#8221; header_font_size_last_edited=&#8221;on|desktop&#8221; global_colors_info=&#8221;{}&#8221;][\/dsm_gradient_text][ba_animated_text animated_text=&#8221;%91{%22value%22:%22Susivienij\u0119 gerumui!%22,%22checked%22:0,%22dragID%22:-1}%93&#8243; animation_speed=&#8221;38ms&#8221; use_loop=&#8221;off&#8221; show_cursor=&#8221;off&#8221; _builder_version=&#8221;4.21.2&#8243; _module_preset=&#8221;default&#8221; main_font=&#8221;ABeeZee||||||||&#8221; global_colors_info=&#8221;{}&#8221;][\/ba_animated_text][\/et_pb_column][\/et_pb_row][\/et_pb_section][et_pb_section fb_built=&#8221;1&#8243; custom_padding_last_edited=&#8221;on|phone&#8221; admin_label=&#8221;Support Section&#8221; _builder_version=&#8221;4.21.0&#8243; custom_padding=&#8221;60px|0px|60px|0px|false|false&#8221; custom_padding_tablet=&#8221;180px|0px||0px|false|false&#8221; custom_padding_phone=&#8221;120px|0px|40px|0px|false|false&#8221; locked=&#8221;off&#8221; global_colors_info=&#8221;{}&#8221;][et_pb_row admin_label=&#8221;Support Row&#8221; module_id=&#8221;contacts&#8221; _builder_version=&#8221;4.21.0&#8243; global_colors_info=&#8221;{}&#8221;][et_pb_column type=&#8221;4_4&#8243; _builder_version=&#8221;4.16&#8243; custom_padding=&#8221;|||&#8221; global_colors_info=&#8221;{}&#8221; custom_padding__hover=&#8221;|||&#8221;][et_pb_text admin_label=&#8221;Title&#8221; _builder_version=&#8221;4.21.0&#8243; text_font=&#8221;Oswald||||||||&#8221; text_font_size=&#8221;18px&#8221; text_line_height=&#8221;1.8em&#8221; link_font=&#8221;||||||||&#8221; ul_font=&#8221;||||||||&#8221; ol_font=&#8221;||||||||&#8221; quote_font=&#8221;||||||||&#8221; header_font=&#8221;||||||||&#8221; header_2_font=&#8221;Lora|700|||||||&#8221; header_2_font_size=&#8221;50px&#8221; header_2_line_height=&#8221;1.5em&#8221; header_3_font=&#8221;Oswald|700|||||||&#8221; header_3_font_size=&#8221;36px&#8221; header_3_line_height=&#8221;1.5em&#8221; header_5_font=&#8221;Oswald|||on|||||&#8221; header_5_text_color=&#8221;rgba(0,0,0,0.4)&#8221; header_5_font_size=&#8221;20px&#8221; header_5_letter_spacing=&#8221;3px&#8221; header_5_line_height=&#8221;1.5em&#8221; max_width=&#8221;600px&#8221; max_width_tablet=&#8221;&#8221; max_width_phone=&#8221;&#8221; max_width_last_edited=&#8221;on|phone&#8221; custom_margin_tablet=&#8221;|70px||70px&#8221; custom_margin_phone=&#8221;|50px||50px&#8221; custom_margin_last_edited=&#8221;off|desktop&#8221; text_line_height_last_edited=&#8221;off|desktop&#8221; global_colors_info=&#8221;{}&#8221;]<\/p>\n<h5>Kontaktai<\/h5>\n<h3>Labdaros ir paramos fondas \u201eSusivienij\u0119 gerumui&#8221;<\/h3>\n<p>[\/et_pb_text][\/et_pb_column][\/et_pb_row][et_pb_row column_structure=&#8221;1_2,1_2&#8243; admin_label=&#8221;Support Row&#8221; module_id=&#8221;contacts&#8221; _builder_version=&#8221;4.21.0&#8243; global_colors_info=&#8221;{}&#8221;][et_pb_column type=&#8221;1_2&#8243; _builder_version=&#8221;4.16&#8243; custom_padding=&#8221;|||&#8221; global_colors_info=&#8221;{}&#8221; custom_padding__hover=&#8221;|||&#8221;][et_pb_blurb title=&#8221;\u012emon\u0117s kodas&#8221; admin_label=&#8221;Contact Info&#8221; _builder_version=&#8221;4.21.0&#8243; header_font=&#8221;Oswald|||on|||||&#8221; header_text_color=&#8221;#31352E&#8221; header_font_size=&#8221;20px&#8221; header_letter_spacing=&#8221;3px&#8221; header_line_height=&#8221;2.3em&#8221; body_text_color=&#8221;#5E6459&#8243; body_font_size=&#8221;20px&#8221; body_line_height=&#8221;0.6em&#8221; background_layout=&#8221;dark&#8221; custom_margin_tablet=&#8221;&#8221; custom_margin_phone=&#8221;||40px||false|false&#8221; custom_margin_last_edited=&#8221;on|phone&#8221; custom_padding=&#8221;||||true&#8221; global_colors_info=&#8221;{}&#8221;]<\/p>\n<p>306254542<\/p>\n<p>[\/et_pb_blurb][et_pb_blurb title=&#8221;Registracijos adresas&#8221; admin_label=&#8221;Contact Info&#8221; _builder_version=&#8221;4.27.0&#8243; header_font=&#8221;Oswald|||on|||||&#8221; header_text_color=&#8221;#31352E&#8221; header_font_size=&#8221;20px&#8221; header_letter_spacing=&#8221;3px&#8221; header_line_height=&#8221;2.3em&#8221; body_text_color=&#8221;#5E6459&#8243; body_font_size=&#8221;20px&#8221; body_line_height=&#8221;1.3em&#8221; background_layout=&#8221;dark&#8221; custom_margin_tablet=&#8221;&#8221; custom_margin_phone=&#8221;||40px||false|false&#8221; custom_margin_last_edited=&#8221;on|phone&#8221; hover_enabled=&#8221;0&#8243; global_colors_info=&#8221;{}&#8221; sticky_enabled=&#8221;0&#8243;]<\/p>\n<p>Tulpi\u0173 g. 16, Dr\u0105seiki\u0173 k.,<\/p>\n<p>LT-54408 Kauno raj.<\/p>\n<p>[\/et_pb_blurb][\/et_pb_column][et_pb_column type=&#8221;1_2&#8243; _builder_version=&#8221;4.16&#8243; custom_padding=&#8221;|||&#8221; global_colors_info=&#8221;{}&#8221; custom_padding__hover=&#8221;|||&#8221;][et_pb_blurb title=&#8221;Rekvizitai l\u0117\u0161oms pervesti&#8221; admin_label=&#8221;Contact Info&#8221; module_id=&#8221;iban&#8221; _builder_version=&#8221;4.27.0&#8243; header_font=&#8221;Oswald|||on|||||&#8221; header_text_color=&#8221;#31352E&#8221; header_font_size=&#8221;20px&#8221; header_letter_spacing=&#8221;3px&#8221; header_line_height=&#8221;2.3em&#8221; body_text_color=&#8221;#5E6459&#8243; body_font_size=&#8221;20px&#8221; body_line_height=&#8221;1.3em&#8221; background_layout=&#8221;dark&#8221; custom_margin_tablet=&#8221;&#8221; custom_margin_phone=&#8221;||40px||false|false&#8221; custom_margin_last_edited=&#8221;on|phone&#8221; hover_enabled=&#8221;0&#8243; global_colors_info=&#8221;{}&#8221; sticky_enabled=&#8221;0&#8243;]<\/p>\n<p>Rekvizitai l\u0117\u0161oms pervesti:<\/p>\n<p>Labdaros ir paramos fondas \u201eSusivienij\u0119 gerumui\u201c<\/p>\n<p>LT757300010176573141 Swedbank<\/p>\n<p>Mok\u0117jimo paskirtis &#8211; Parama Ukrainai<\/p>\n<p>L\u0117\u0161as taip pat galima pervesti:<\/p>\n<p>PayPal (fondo) &#8211; <a href=\"mailto:agnesmackeviciutes@gmail.com\">agnesmackeviciutes@gmail.com<\/a><\/p>\n<p>Taip pat per Stripe mok\u0117jimo platform\u0105 i\u0161 bet kurios pasaulio vietos ir banko vieno mygtuko paspaudimu. Tok\u012f mok\u0117jim\u0105 galite atlikti\u00a0 <a href=\"https:\/\/donate.stripe.com\/eVaaGc6r0es6cFi288\" target=\"_blank\" rel=\"noopener\">\u010cIA<\/a>.<\/p>\n<div id=\"eJOY__extension_root\" class=\"eJOY__extension_root_class\" style=\"all: unset;\"><\/div>\n<p>[\/et_pb_blurb][\/et_pb_column][\/et_pb_row][\/et_pb_section]<\/p>\n","protected":false},"excerpt":{"rendered":"<p><div class=\"et_pb_module dsm_gradient_text dsm_gradient_text_0  et_pb_text_align_left\">\n\t\t\t\t\n\t\t\t\t\n\t\t\t\t\n\t\t\t\t\n\t\t\t\t\n\t\t\t\t\n\t\t\t\t<div class=\"et_pb_module_inner\">\n\t\t\t\t\t<h1 class=\"dsm-gradient-text et_pb_module_header\">KONTAKTAI<\/h1>\n\t\t\t\t<\/div>\n\t\t\t<\/div><div class=\"et_pb_module ba_animated_text ba_animated_text_0\">\n\t\t\t\t\n\t\t\t\t\n\t\t\t\t\n\t\t\t\t\n\t\t\t\t\n\t\t\t\t\n\t\t\t\t<div class=\"et_pb_module_inner\">\n\t\t\t\t\t<div id=\"dtq-animated-text-0\" class=\"dtq-module dtq-animated-text dtq-front\" data-settings=\"{&quot;strings&quot;:[&quot;Susivienij\\u0119 gerumui!&quot;],&quot;showCursor&quot;:true,&quot;loop&quot;:false,&quot;typeSpeed&quot;:38,&quot;startDelay&quot;:300,&quot;backSpeed&quot;:50,&quot;backDelay&quot;:500}\" data-type=\"typed\">\n\t\t\t\t<h3 class=\"dtq-animated-text-head\">\n\t\t\t\t\t <div class=\"dtq-text-animation dtq-animated-text-main dtq-typed-text\"><\/div> \n\t\t\t\t<\/h3>\n\t\t\t<\/div>\n\t\t\t\t<\/div>\n\t\t\t<\/div>Kontaktai Labdaros ir paramos fondas \u201eSusivienij\u0119 gerumui&#8221;306254542Tulpi\u0173 g. 16, Dr\u0105seiki\u0173 k., LT-54408 Kauno raj.Rekvizitai l\u0117\u0161oms pervesti: Labdaros ir paramos fondas \u201eSusivienij\u0119 gerumui\u201c LT757300010176573141 Swedbank Mok\u0117jimo [&hellip;]<\/p>\n","protected":false},"author":2,"featured_media":0,"parent":0,"menu_order":0,"comment_status":"closed","ping_status":"closed","template":"","meta":{"_et_pb_use_builder":"on","_et_pb_old_content":"","_et_gb_content_width":"","footnotes":""},"class_list":["post-1025","page","type-page","status-publish","hentry"],"_links":{"self":[{"href":"https:\/\/susivienijegerumui.lt\/en\/wp-json\/wp\/v2\/pages\/1025","targetHints":{"allow":["GET"]}}],"collection":[{"href":"https:\/\/susivienijegerumui.lt\/en\/wp-json\/wp\/v2\/pages"}],"about":[{"href":"https:\/\/susivienijegerumui.lt\/en\/wp-json\/wp\/v2\/types\/page"}],"author":[{"embeddable":true,"href":"https:\/\/susivienijegerumui.lt\/en\/wp-json\/wp\/v2\/users\/2"}],"replies":[{"embeddable":true,"href":"https:\/\/susivienijegerumui.lt\/en\/wp-json\/wp\/v2\/comments?post=1025"}],"version-history":[{"count":14,"href":"https:\/\/susivienijegerumui.lt\/en\/wp-json\/wp\/v2\/pages\/1025\/revisions"}],"predecessor-version":[{"id":5843,"href":"https:\/\/susivienijegerumui.lt\/en\/wp-json\/wp\/v2\/pages\/1025\/revisions\/5843"}],"wp:attachment":[{"href":"https:\/\/susivienijegerumui.lt\/en\/wp-json\/wp\/v2\/media?parent=1025"}],"curies":[{"name":"wp","href":"https:\/\/api.w.org\/{rel}","templated":true}]}}